{"id":32,"date":"2019-10-26T10:29:19","date_gmt":"2019-10-26T10:29:19","guid":{"rendered":"https:\/\/maler-stankewitz.de\/?page_id=32"},"modified":"2021-10-14T07:52:16","modified_gmt":"2021-10-14T07:52:16","slug":"ueber-uns","status":"publish","type":"page","link":"https:\/\/maler-stankewitz.de\/index.php\/ueber-uns\/","title":{"rendered":"\u00dcber uns"},"content":{"rendered":"\n<p class=\"has-text-align-center has-medium-font-size\">1985 entschloss sich Rainer\nStankewitz, sich mit ca. 25 Jahren Berufserfahrung und nach langj\u00e4hriger F\u00fchrung\neines kleinen Malereibetriebes selbstst\u00e4ndig zu machen. Nach vielen sehr\nerfolgreichen Jahren wurde 2007 dann die &#8222;Rainer &amp; Marco Stankewitz\nMalereibetrieb GbR&#8220; gegr\u00fcndet, um auch zuk\u00fcnftig im Dienste der Kunden\nt\u00e4tig sein zu k\u00f6nnen. Schon immer stand die Firma unter dem Motto &#8222;klein\naber fein&#8220; und bis heute sind f\u00fcr uns die Aspekte Zuverl\u00e4ssigkeit,\nP\u00fcnktlichkeit, einwandfreie und qualitativ hochwertige Arbeit sowie der\npers\u00f6nliche Kundenkontakt eine Selbstverst\u00e4ndlichkeit. Die Zufriedenheit des\nKunden steht bei uns an oberster Stelle! Deshalb arbeiten wir teilweise seit\nJahrzehnten f\u00fcr unseren haupts\u00e4chlich aus Privatkundschaft, Hausverwaltungen\nsowie Immobilienfirmen bestehenden Kundenstamm.<\/p>\n","protected":false},"excerpt":{"rendered":"<p>1985 entschloss sich Rainer Stankewitz, sich mit ca. 25 Jahren Berufserfahrung und nach langj\u00e4hriger F\u00fchrung eines kleinen Malereibetriebes selbstst\u00e4ndig zu machen. Nach vielen sehr erfolgreichen Jahren wurde 2007 dann die &#8222;Rainer &amp; Marco Stankewitz Malereibetrieb GbR&#8220; gegr\u00fcndet, um auch zuk\u00fcnftig im Dienste der Kunden t\u00e4tig sein zu k\u00f6nnen. Schon immer stand die Firma unter dem&#8230;<\/p>\n<p class=\"more-link\"><a href=\"https:\/\/maler-stankewitz.de\/index.php\/ueber-uns\/\"><span>Read More<\/span><i>&#43;<\/i><\/a><\/p>\n","protected":false},"author":1,"featured_media":0,"parent":0,"menu_order":0,"comment_status":"closed","ping_status":"closed","template":"","meta":{"ngg_post_thumbnail":0},"_links":{"self":[{"href":"https:\/\/maler-stankewitz.de\/index.php\/wp-json\/wp\/v2\/pages\/32"}],"collection":[{"href":"https:\/\/maler-stankewitz.de\/index.php\/wp-json\/wp\/v2\/pages"}],"about":[{"href":"https:\/\/maler-stankewitz.de\/index.php\/wp-json\/wp\/v2\/types\/page"}],"author":[{"embeddable":true,"href":"https:\/\/maler-stankewitz.de\/index.php\/wp-json\/wp\/v2\/users\/1"}],"replies":[{"embeddable":true,"href":"https:\/\/maler-stankewitz.de\/index.php\/wp-json\/wp\/v2\/comments?post=32"}],"version-history":[{"count":3,"href":"https:\/\/maler-stankewitz.de\/index.php\/wp-json\/wp\/v2\/pages\/32\/revisions"}],"predecessor-version":[{"id":100,"href":"https:\/\/maler-stankewitz.de\/index.php\/wp-json\/wp\/v2\/pages\/32\/revisions\/100"}],"wp:attachment":[{"href":"https:\/\/maler-stankewitz.de\/index.php\/wp-json\/wp\/v2\/media?parent=32"}],"curies":[{"name":"wp","href":"https:\/\/api.w.org\/{rel}","templated":true}]}}