{"id":33,"date":"2019-10-26T10:29:19","date_gmt":"2019-10-26T10:29:19","guid":{"rendered":"https:\/\/maler-stankewitz.de\/?page_id=33"},"modified":"2021-10-14T07:57:00","modified_gmt":"2021-10-14T07:57:00","slug":"leistungen","status":"publish","type":"page","link":"https:\/\/maler-stankewitz.de\/index.php\/leistungen\/","title":{"rendered":"Leistungen"},"content":{"rendered":"\n<p class=\"has-text-align-center has-medium-font-size\">Als Fachbetrieb bieten wir Ihnen s\u00e4mtliche Malerarbeiten im Innen- und Au\u00dfenbereich an. Ob nur Ihre K\u00fcche einen frischen Anstrich ben\u00f6tigt oder wir Ihr Haus komplett mit neuen Farben oder Tapeten versch\u00f6nern sollen. Lackierarbeiten geh\u00f6ren selbstverst\u00e4ndlich dazu wie auch eine platzsparende Innenw\u00e4rmed\u00e4mmung, um Ihr Heim wohlig warm zu halten und den Geldbeutel zu schonen. <\/p>\n\n\n\n<p class=\"has-text-align-center has-medium-font-size\">Ihre Fassade ben\u00f6tigt einen neuen Anstrich\noder Sie m\u00f6chten einfach mal etwas &#8222;Neues&#8220; sehen, wenn Sie nach Hause\nkommen? Der sch\u00fctzende Anstrich Ihrer Fenster und T\u00fcren ist f\u00fcr uns eine ebenso\nwillkommene Aufgabe wie die Bearbeitung von Dachh\u00f6lzern, Gartenh\u00e4usern, Z\u00e4unen\nusw.<\/p>\n","protected":false},"excerpt":{"rendered":"<p>Als Fachbetrieb bieten wir Ihnen s\u00e4mtliche Malerarbeiten im Innen- und Au\u00dfenbereich an. Ob nur Ihre K\u00fcche einen frischen Anstrich ben\u00f6tigt oder wir Ihr Haus komplett mit neuen Farben oder Tapeten versch\u00f6nern sollen. Lackierarbeiten geh\u00f6ren selbstverst\u00e4ndlich dazu wie auch eine platzsparende Innenw\u00e4rmed\u00e4mmung, um Ihr Heim wohlig warm zu halten und den Geldbeutel zu schonen. Ihre Fassade&#8230;<\/p>\n<p class=\"more-link\"><a href=\"https:\/\/maler-stankewitz.de\/index.php\/leistungen\/\"><span>Read More<\/span><i>&#43;<\/i><\/a><\/p>\n","protected":false},"author":1,"featured_media":0,"parent":0,"menu_order":0,"comment_status":"closed","ping_status":"closed","template":"","meta":{"ngg_post_thumbnail":0},"_links":{"self":[{"href":"https:\/\/maler-stankewitz.de\/index.php\/wp-json\/wp\/v2\/pages\/33"}],"collection":[{"href":"https:\/\/maler-stankewitz.de\/index.php\/wp-json\/wp\/v2\/pages"}],"about":[{"href":"https:\/\/maler-stankewitz.de\/index.php\/wp-json\/wp\/v2\/types\/page"}],"author":[{"embeddable":true,"href":"https:\/\/maler-stankewitz.de\/index.php\/wp-json\/wp\/v2\/users\/1"}],"replies":[{"embeddable":true,"href":"https:\/\/maler-stankewitz.de\/index.php\/wp-json\/wp\/v2\/comments?post=33"}],"version-history":[{"count":15,"href":"https:\/\/maler-stankewitz.de\/index.php\/wp-json\/wp\/v2\/pages\/33\/revisions"}],"predecessor-version":[{"id":101,"href":"https:\/\/maler-stankewitz.de\/index.php\/wp-json\/wp\/v2\/pages\/33\/revisions\/101"}],"wp:attachment":[{"href":"https:\/\/maler-stankewitz.de\/index.php\/wp-json\/wp\/v2\/media?parent=33"}],"curies":[{"name":"wp","href":"https:\/\/api.w.org\/{rel}","templated":true}]}}