{"id":34,"date":"2019-10-26T10:29:19","date_gmt":"2019-10-26T10:29:19","guid":{"rendered":"https:\/\/maler-stankewitz.de\/?page_id=34"},"modified":"2021-10-14T07:51:53","modified_gmt":"2021-10-14T07:51:53","slug":"produkte","status":"publish","type":"page","link":"https:\/\/maler-stankewitz.de\/index.php\/produkte\/","title":{"rendered":"Produkte"},"content":{"rendered":"\n<p class=\"has-text-align-center has-medium-font-size\">Um eine einwandfreie Arbeit zu\ngew\u00e4hrleisten, verwenden wir schon immer ausschlie\u00dflich Qualit\u00e4tsprodukte der\nFirmen Imparat, Maleco, Sikkens oder Jansen. Denn die beste Handwerksarbeit\ntaugt nichts, wenn am Material gespart wird!<\/p>\n","protected":false},"excerpt":{"rendered":"<p>Um eine einwandfreie Arbeit zu gew\u00e4hrleisten, verwenden wir schon immer ausschlie\u00dflich Qualit\u00e4tsprodukte der Firmen Imparat, Maleco, Sikkens oder Jansen. Denn die beste Handwerksarbeit taugt nichts, wenn am Material gespart wird!<\/p>\n","protected":false},"author":1,"featured_media":0,"parent":0,"menu_order":0,"comment_status":"closed","ping_status":"closed","template":"","meta":{"ngg_post_thumbnail":0},"_links":{"self":[{"href":"https:\/\/maler-stankewitz.de\/index.php\/wp-json\/wp\/v2\/pages\/34"}],"collection":[{"href":"https:\/\/maler-stankewitz.de\/index.php\/wp-json\/wp\/v2\/pages"}],"about":[{"href":"https:\/\/maler-stankewitz.de\/index.php\/wp-json\/wp\/v2\/types\/page"}],"author":[{"embeddable":true,"href":"https:\/\/maler-stankewitz.de\/index.php\/wp-json\/wp\/v2\/users\/1"}],"replies":[{"embeddable":true,"href":"https:\/\/maler-stankewitz.de\/index.php\/wp-json\/wp\/v2\/comments?post=34"}],"version-history":[{"count":3,"href":"https:\/\/maler-stankewitz.de\/index.php\/wp-json\/wp\/v2\/pages\/34\/revisions"}],"predecessor-version":[{"id":99,"href":"https:\/\/maler-stankewitz.de\/index.php\/wp-json\/wp\/v2\/pages\/34\/revisions\/99"}],"wp:attachment":[{"href":"https:\/\/maler-stankewitz.de\/index.php\/wp-json\/wp\/v2\/media?parent=34"}],"curies":[{"name":"wp","href":"https:\/\/api.w.org\/{rel}","templated":true}]}}